{"id":3665,"date":"2021-08-25T11:08:39","date_gmt":"2021-08-25T14:08:39","guid":{"rendered":"http:\/\/br1090.teste.website\/~metosc35\/?page_id=3665"},"modified":"2021-08-25T11:10:18","modified_gmt":"2021-08-25T14:10:18","slug":"soporte","status":"publish","type":"page","link":"https:\/\/metos.com.br\/es\/soporte\/","title":{"rendered":"Soporte"},"content":{"rendered":"\t\t<div data-elementor-type=\"wp-page\" data-elementor-id=\"3665\" class=\"elementor elementor-3665\">\n\t\t\t\t\t\t<section class=\"elementor-section elementor-top-section elementor-element elementor-element-3b4d72bf elementor-section-height-min-height elementor-section-boxed elementor-section-height-default elementor-section-items-middle\" data-id=\"3b4d72bf\" data-element_type=\"section\" data-settings=\"{&quot;background_background&quot;:&quot;classic&quot;}\">\n\t\t\t\t\t\t<div class=\"elementor-container elementor-column-gap-default\">\n\t\t\t\t\t<div class=\"elementor-column elementor-col-100 elementor-top-column elementor-element elementor-element-2662c301\" data-id=\"2662c301\" data-element_type=\"column\">\n\t\t\t<div class=\"elementor-widget-wrap elementor-element-populated\">\n\t\t\t\t\t\t<div class=\"elementor-element elementor-element-70306358 jet-breadcrumbs-on-front-yes jet-breadcrumbs-page-title-yes jet-breadcrumbs-align-right jet-breadcrumbs-align-mobile-center elementor-widget elementor-widget-jet-breadcrumbs\" data-id=\"70306358\" data-element_type=\"widget\" data-widget_type=\"jet-breadcrumbs.default\">\n\t\t\t\t<div class=\"elementor-widget-container\">\n\t\t\t\t\t<div class=\"elementor-jet-breadcrumbs jet-blocks\">\n\t\t<div class=\"jet-breadcrumbs\">\n\t\t<div class=\"jet-breadcrumbs__content\">\n\t\t<div class=\"jet-breadcrumbs__wrap\"><div class=\"jet-breadcrumbs__item\"><a href=\"https:\/\/metos.com.br\/es\/\" class=\"jet-breadcrumbs__item-link is-home\" rel=\"home\" title=\"Home\">Home<\/a><\/div>\n\t\t<\/div>\n\t\t<\/div>\n\t\t<\/div><\/div>\t\t\t\t<\/div>\n\t\t\t\t<\/div>\n\t\t\t\t\t<\/div>\n\t\t<\/div>\n\t\t\t\t\t<\/div>\n\t\t<\/section>\n\t\t\t\t<section class=\"elementor-section elementor-top-section elementor-element elementor-element-d6c7bd3 elementor-section-boxed elementor-section-height-default elementor-section-height-default\" data-id=\"d6c7bd3\" data-element_type=\"section\">\n\t\t\t\t\t\t<div class=\"elementor-container elementor-column-gap-default\">\n\t\t\t\t\t<div class=\"elementor-column elementor-col-100 elementor-top-column elementor-element elementor-element-7bfacc9\" data-id=\"7bfacc9\" data-element_type=\"column\">\n\t\t\t<div class=\"elementor-widget-wrap elementor-element-populated\">\n\t\t\t\t\t\t<div class=\"elementor-element elementor-element-e955d4e elementor-widget elementor-widget-heading\" data-id=\"e955d4e\" data-element_type=\"widget\" data-widget_type=\"heading.default\">\n\t\t\t\t<div class=\"elementor-widget-container\">\n\t\t\t\t\t<h2 class=\"elementor-heading-title elementor-size-default\">Soporte T\u00e9cnico<\/h2>\t\t\t\t<\/div>\n\t\t\t\t<\/div>\n\t\t\t\t<div class=\"elementor-element elementor-element-6dbd173 elementor-widget elementor-widget-heading\" data-id=\"6dbd173\" data-element_type=\"widget\" data-widget_type=\"heading.default\">\n\t\t\t\t<div class=\"elementor-widget-container\">\n\t\t\t\t\t<h3 class=\"elementor-heading-title elementor-size-default\">Habla con nuestros expertos t\u00e9cnicos para intercambiar experiencias, mejores pr\u00e1cticas y resolver dudas sobre tu equipo o plataforma.<\/h3>\t\t\t\t<\/div>\n\t\t\t\t<\/div>\n\t\t\t\t<section class=\"elementor-section elementor-inner-section elementor-element elementor-element-34ed1e2 elementor-section-boxed elementor-section-height-default elementor-section-height-default\" data-id=\"34ed1e2\" data-element_type=\"section\">\n\t\t\t\t\t\t<div class=\"elementor-container elementor-column-gap-default\">\n\t\t\t\t\t<div class=\"elementor-column elementor-col-33 elementor-inner-column elementor-element elementor-element-d2d71d8\" data-id=\"d2d71d8\" data-element_type=\"column\">\n\t\t\t<div class=\"elementor-widget-wrap elementor-element-populated\">\n\t\t\t\t\t\t<div class=\"elementor-element elementor-element-185733d elementor-view-default elementor-position-top elementor-mobile-position-top elementor-widget elementor-widget-icon-box\" data-id=\"185733d\" data-element_type=\"widget\" data-widget_type=\"icon-box.default\">\n\t\t\t\t<div class=\"elementor-widget-container\">\n\t\t\t\t\t\t\t<div class=\"elementor-icon-box-wrapper\">\n\n\t\t\t\t\t\t<div class=\"elementor-icon-box-icon\">\n\t\t\t\t<a href=\"https:\/\/api.whatsapp.com\/send?phone=5511968532183\" class=\"elementor-icon\" tabindex=\"-1\" aria-label=\"WhatsApp - Soporte T\u00e9cnico (LATAM)\">\n\t\t\t\t<i aria-hidden=\"true\" class=\"fab fa-whatsapp\"><\/i>\t\t\t\t<\/a>\n\t\t\t<\/div>\n\t\t\t\n\t\t\t\t\t\t<div class=\"elementor-icon-box-content\">\n\n\t\t\t\t\t\t\t\t\t<h3 class=\"elementor-icon-box-title\">\n\t\t\t\t\t\t<a href=\"https:\/\/api.whatsapp.com\/send?phone=5511968532183\" >\n\t\t\t\t\t\t\tWhatsApp - Soporte T\u00e9cnico (LATAM)\t\t\t\t\t\t<\/a>\n\t\t\t\t\t<\/h3>\n\t\t\t\t\n\t\t\t\t\t\t\t\t\t<p class=\"elementor-icon-box-description\">\n\t\t\t\t\t\t+55 (11) 964 547 969\t\t\t\t\t<\/p>\n\t\t\t\t\n\t\t\t<\/div>\n\t\t\t\n\t\t<\/div>\n\t\t\t\t\t\t<\/div>\n\t\t\t\t<\/div>\n\t\t\t\t\t<\/div>\n\t\t<\/div>\n\t\t\t\t<div class=\"elementor-column elementor-col-33 elementor-inner-column elementor-element elementor-element-48025ff\" data-id=\"48025ff\" data-element_type=\"column\">\n\t\t\t<div class=\"elementor-widget-wrap elementor-element-populated\">\n\t\t\t\t\t\t<div class=\"elementor-element elementor-element-ea0913f elementor-view-default elementor-position-top elementor-mobile-position-top elementor-widget elementor-widget-icon-box\" data-id=\"ea0913f\" data-element_type=\"widget\" data-widget_type=\"icon-box.default\">\n\t\t\t\t<div class=\"elementor-widget-container\">\n\t\t\t\t\t\t\t<div class=\"elementor-icon-box-wrapper\">\n\n\t\t\t\t\t\t<div class=\"elementor-icon-box-icon\">\n\t\t\t\t<a href=\"https:\/\/api.whatsapp.com\/send?phone=5511941408739\" class=\"elementor-icon\" tabindex=\"-1\" aria-label=\"WhatsApp - Post Vendas (LATAM)\">\n\t\t\t\t<i aria-hidden=\"true\" class=\"fab fa-whatsapp\"><\/i>\t\t\t\t<\/a>\n\t\t\t<\/div>\n\t\t\t\n\t\t\t\t\t\t<div class=\"elementor-icon-box-content\">\n\n\t\t\t\t\t\t\t\t\t<h3 class=\"elementor-icon-box-title\">\n\t\t\t\t\t\t<a href=\"https:\/\/api.whatsapp.com\/send?phone=5511941408739\" >\n\t\t\t\t\t\t\tWhatsApp - Post Vendas (LATAM)\t\t\t\t\t\t<\/a>\n\t\t\t\t\t<\/h3>\n\t\t\t\t\n\t\t\t\t\t\t\t\t\t<p class=\"elementor-icon-box-description\">\n\t\t\t\t\t\t+55 (11) 964 547 969\t\t\t\t\t<\/p>\n\t\t\t\t\n\t\t\t<\/div>\n\t\t\t\n\t\t<\/div>\n\t\t\t\t\t\t<\/div>\n\t\t\t\t<\/div>\n\t\t\t\t\t<\/div>\n\t\t<\/div>\n\t\t\t\t<div class=\"elementor-column elementor-col-33 elementor-inner-column elementor-element elementor-element-26c4a5a\" data-id=\"26c4a5a\" data-element_type=\"column\">\n\t\t\t<div class=\"elementor-widget-wrap elementor-element-populated\">\n\t\t\t\t\t\t<div class=\"elementor-element elementor-element-38d7647 elementor-view-default elementor-position-top elementor-mobile-position-top elementor-widget elementor-widget-icon-box\" data-id=\"38d7647\" data-element_type=\"widget\" data-widget_type=\"icon-box.default\">\n\t\t\t\t<div class=\"elementor-widget-container\">\n\t\t\t\t\t\t\t<div class=\"elementor-icon-box-wrapper\">\n\n\t\t\t\t\t\t<div class=\"elementor-icon-box-icon\">\n\t\t\t\t<a href=\"mailto:suporte@metos.at\" class=\"elementor-icon\" tabindex=\"-1\" aria-label=\"Correo - Soporte T\u00e9cnico (LATAM)\">\n\t\t\t\t<i aria-hidden=\"true\" class=\"far fa-envelope\"><\/i>\t\t\t\t<\/a>\n\t\t\t<\/div>\n\t\t\t\n\t\t\t\t\t\t<div class=\"elementor-icon-box-content\">\n\n\t\t\t\t\t\t\t\t\t<h3 class=\"elementor-icon-box-title\">\n\t\t\t\t\t\t<a href=\"mailto:suporte@metos.at\" >\n\t\t\t\t\t\t\tCorreo - Soporte T\u00e9cnico (LATAM)\t\t\t\t\t\t<\/a>\n\t\t\t\t\t<\/h3>\n\t\t\t\t\n\t\t\t\t\t\t\t\t\t<p class=\"elementor-icon-box-description\">\n\t\t\t\t\t\tsuporte@metos.at<br>\nyonathan.rivas@metos.at\t\t\t\t\t<\/p>\n\t\t\t\t\n\t\t\t<\/div>\n\t\t\t\n\t\t<\/div>\n\t\t\t\t\t\t<\/div>\n\t\t\t\t<\/div>\n\t\t\t\t\t<\/div>\n\t\t<\/div>\n\t\t\t\t\t<\/div>\n\t\t<\/section>\n\t\t\t\t\t<\/div>\n\t\t<\/div>\n\t\t\t\t\t<\/div>\n\t\t<\/section>\n\t\t\t\t<\/div>\n\t\t","protected":false},"excerpt":{"rendered":"<p>Home Soporte T\u00e9cnico Habla con nuestros expertos t\u00e9cnicos para intercambiar experiencias, mejores pr\u00e1cticas y resolver dudas sobre tu equipo o plataforma. WhatsApp &#8211; Soporte T\u00e9cnico (LATAM) +55 (11) 964 547 969 WhatsApp &#8211; Post Vendas (LATAM) +55 (11) 964 547 969 Correo &#8211; Soporte T\u00e9cnico (LATAM) suporte@metos.at yonathan.rivas@metos.at<\/p>\n","protected":false},"author":1,"featured_media":0,"parent":0,"menu_order":0,"comment_status":"closed","ping_status":"closed","template":"","meta":{"footnotes":""},"class_list":["post-3665","page","type-page","status-publish","hentry"],"yoast_head":"<!-- This site is optimized with the Yoast SEO plugin v27.2 - https:\/\/yoast.com\/product\/yoast-seo-wordpress\/ -->\n<title>Soporte - Metos Brasil<\/title>\n<meta name=\"robots\" content=\"index, follow, max-snippet:-1, max-image-preview:large, max-video-preview:-1\" \/>\n<link rel=\"canonical\" href=\"https:\/\/metos.com.br\/es\/soporte\/\" \/>\n<meta property=\"og:locale\" content=\"es_ES\" \/>\n<meta property=\"og:type\" content=\"article\" \/>\n<meta property=\"og:title\" content=\"Soporte - Metos Brasil\" \/>\n<meta property=\"og:description\" content=\"Home Soporte T\u00e9cnico Habla con nuestros expertos t\u00e9cnicos para intercambiar experiencias, mejores pr\u00e1cticas y resolver dudas sobre tu equipo o plataforma. WhatsApp &#8211; Soporte T\u00e9cnico (LATAM) +55 (11) 964 547 969 WhatsApp &#8211; Post Vendas (LATAM) +55 (11) 964 547 969 Correo &#8211; Soporte T\u00e9cnico (LATAM) suporte@metos.at yonathan.rivas@metos.at\" \/>\n<meta property=\"og:url\" content=\"https:\/\/metos.com.br\/es\/soporte\/\" \/>\n<meta property=\"og:site_name\" content=\"Metos Brasil\" \/>\n<meta property=\"article:publisher\" content=\"https:\/\/www.facebook.com\/metosbrasil\/\" \/>\n<meta property=\"article:modified_time\" content=\"2021-08-25T14:10:18+00:00\" \/>\n<meta name=\"twitter:card\" content=\"summary_large_image\" \/>\n<meta name=\"twitter:label1\" content=\"Tiempo de lectura\" \/>\n\t<meta name=\"twitter:data1\" content=\"1 minuto\" \/>\n<script type=\"application\/ld+json\" class=\"yoast-schema-graph\">{\"@context\":\"https:\/\/schema.org\",\"@graph\":[{\"@type\":\"WebPage\",\"@id\":\"https:\/\/metos.com.br\/es\/soporte\/\",\"url\":\"https:\/\/metos.com.br\/es\/soporte\/\",\"name\":\"Soporte - Metos Brasil\",\"isPartOf\":{\"@id\":\"https:\/\/metos.com.br\/es\/#website\"},\"datePublished\":\"2021-08-25T14:08:39+00:00\",\"dateModified\":\"2021-08-25T14:10:18+00:00\",\"breadcrumb\":{\"@id\":\"https:\/\/metos.com.br\/es\/soporte\/#breadcrumb\"},\"inLanguage\":\"es\",\"potentialAction\":[{\"@type\":\"ReadAction\",\"target\":[\"https:\/\/metos.com.br\/es\/soporte\/\"]}]},{\"@type\":\"BreadcrumbList\",\"@id\":\"https:\/\/metos.com.br\/es\/soporte\/#breadcrumb\",\"itemListElement\":[{\"@type\":\"ListItem\",\"position\":1,\"name\":\"In\u00edcio\",\"item\":\"https:\/\/metos.com.br\/es\/\"},{\"@type\":\"ListItem\",\"position\":2,\"name\":\"Soporte\"}]},{\"@type\":\"WebSite\",\"@id\":\"https:\/\/metos.com.br\/es\/#website\",\"url\":\"https:\/\/metos.com.br\/es\/\",\"name\":\"Metos Brasil\",\"description\":\"Semeando tecnologia para cultivar resultados.\",\"publisher\":{\"@id\":\"https:\/\/metos.com.br\/es\/#organization\"},\"potentialAction\":[{\"@type\":\"SearchAction\",\"target\":{\"@type\":\"EntryPoint\",\"urlTemplate\":\"https:\/\/metos.com.br\/es\/?s={search_term_string}\"},\"query-input\":{\"@type\":\"PropertyValueSpecification\",\"valueRequired\":true,\"valueName\":\"search_term_string\"}}],\"inLanguage\":\"es\"},{\"@type\":\"Organization\",\"@id\":\"https:\/\/metos.com.br\/es\/#organization\",\"name\":\"Metos Brasil\",\"url\":\"https:\/\/metos.com.br\/es\/\",\"logo\":{\"@type\":\"ImageObject\",\"inLanguage\":\"es\",\"@id\":\"https:\/\/metos.com.br\/es\/#\/schema\/logo\/image\/\",\"url\":\"http:\/\/br1090.teste.website\/~metosc35\/wp-content\/uploads\/metos-avatar.png\",\"contentUrl\":\"http:\/\/br1090.teste.website\/~metosc35\/wp-content\/uploads\/metos-avatar.png\",\"width\":200,\"height\":200,\"caption\":\"Metos Brasil\"},\"image\":{\"@id\":\"https:\/\/metos.com.br\/es\/#\/schema\/logo\/image\/\"},\"sameAs\":[\"https:\/\/www.facebook.com\/metosbrasil\/\",\"https:\/\/www.instagram.com\/metosbrasil\/\",\"https:\/\/www.linkedin.com\/company\/metos-brasil\/\",\"https:\/\/www.youtube.com\/channel\/UC85yBVI_rW0NqKah5fOgkcg?amp;ab_channel=MetosBrasil\"]}]}<\/script>\n<!-- \/ Yoast SEO plugin. -->","yoast_head_json":{"title":"Soporte - Metos Brasil","robots":{"index":"index","follow":"follow","max-snippet":"max-snippet:-1","max-image-preview":"max-image-preview:large","max-video-preview":"max-video-preview:-1"},"canonical":"https:\/\/metos.com.br\/es\/soporte\/","og_locale":"es_ES","og_type":"article","og_title":"Soporte - Metos Brasil","og_description":"Home Soporte T\u00e9cnico Habla con nuestros expertos t\u00e9cnicos para intercambiar experiencias, mejores pr\u00e1cticas y resolver dudas sobre tu equipo o plataforma. WhatsApp &#8211; Soporte T\u00e9cnico (LATAM) +55 (11) 964 547 969 WhatsApp &#8211; Post Vendas (LATAM) +55 (11) 964 547 969 Correo &#8211; Soporte T\u00e9cnico (LATAM) suporte@metos.at yonathan.rivas@metos.at","og_url":"https:\/\/metos.com.br\/es\/soporte\/","og_site_name":"Metos Brasil","article_publisher":"https:\/\/www.facebook.com\/metosbrasil\/","article_modified_time":"2021-08-25T14:10:18+00:00","twitter_card":"summary_large_image","twitter_misc":{"Tiempo de lectura":"1 minuto"},"schema":{"@context":"https:\/\/schema.org","@graph":[{"@type":"WebPage","@id":"https:\/\/metos.com.br\/es\/soporte\/","url":"https:\/\/metos.com.br\/es\/soporte\/","name":"Soporte - Metos Brasil","isPartOf":{"@id":"https:\/\/metos.com.br\/es\/#website"},"datePublished":"2021-08-25T14:08:39+00:00","dateModified":"2021-08-25T14:10:18+00:00","breadcrumb":{"@id":"https:\/\/metos.com.br\/es\/soporte\/#breadcrumb"},"inLanguage":"es","potentialAction":[{"@type":"ReadAction","target":["https:\/\/metos.com.br\/es\/soporte\/"]}]},{"@type":"BreadcrumbList","@id":"https:\/\/metos.com.br\/es\/soporte\/#breadcrumb","itemListElement":[{"@type":"ListItem","position":1,"name":"In\u00edcio","item":"https:\/\/metos.com.br\/es\/"},{"@type":"ListItem","position":2,"name":"Soporte"}]},{"@type":"WebSite","@id":"https:\/\/metos.com.br\/es\/#website","url":"https:\/\/metos.com.br\/es\/","name":"Metos Brasil","description":"Semeando tecnologia para cultivar resultados.","publisher":{"@id":"https:\/\/metos.com.br\/es\/#organization"},"potentialAction":[{"@type":"SearchAction","target":{"@type":"EntryPoint","urlTemplate":"https:\/\/metos.com.br\/es\/?s={search_term_string}"},"query-input":{"@type":"PropertyValueSpecification","valueRequired":true,"valueName":"search_term_string"}}],"inLanguage":"es"},{"@type":"Organization","@id":"https:\/\/metos.com.br\/es\/#organization","name":"Metos Brasil","url":"https:\/\/metos.com.br\/es\/","logo":{"@type":"ImageObject","inLanguage":"es","@id":"https:\/\/metos.com.br\/es\/#\/schema\/logo\/image\/","url":"http:\/\/br1090.teste.website\/~metosc35\/wp-content\/uploads\/metos-avatar.png","contentUrl":"http:\/\/br1090.teste.website\/~metosc35\/wp-content\/uploads\/metos-avatar.png","width":200,"height":200,"caption":"Metos Brasil"},"image":{"@id":"https:\/\/metos.com.br\/es\/#\/schema\/logo\/image\/"},"sameAs":["https:\/\/www.facebook.com\/metosbrasil\/","https:\/\/www.instagram.com\/metosbrasil\/","https:\/\/www.linkedin.com\/company\/metos-brasil\/","https:\/\/www.youtube.com\/channel\/UC85yBVI_rW0NqKah5fOgkcg?amp;ab_channel=MetosBrasil"]}]}},"_links":{"self":[{"href":"https:\/\/metos.com.br\/es\/wp-json\/wp\/v2\/pages\/3665","targetHints":{"allow":["GET"]}}],"collection":[{"href":"https:\/\/metos.com.br\/es\/wp-json\/wp\/v2\/pages"}],"about":[{"href":"https:\/\/metos.com.br\/es\/wp-json\/wp\/v2\/types\/page"}],"author":[{"embeddable":true,"href":"https:\/\/metos.com.br\/es\/wp-json\/wp\/v2\/users\/1"}],"replies":[{"embeddable":true,"href":"https:\/\/metos.com.br\/es\/wp-json\/wp\/v2\/comments?post=3665"}],"version-history":[{"count":3,"href":"https:\/\/metos.com.br\/es\/wp-json\/wp\/v2\/pages\/3665\/revisions"}],"predecessor-version":[{"id":3668,"href":"https:\/\/metos.com.br\/es\/wp-json\/wp\/v2\/pages\/3665\/revisions\/3668"}],"wp:attachment":[{"href":"https:\/\/metos.com.br\/es\/wp-json\/wp\/v2\/media?parent=3665"}],"curies":[{"name":"wp","href":"https:\/\/api.w.org\/{rel}","templated":true}]}}